{"id":16534,"date":"2024-04-25T15:40:22","date_gmt":"2024-04-25T12:40:22","guid":{"rendered":"https:\/\/layrom.ee\/mainpage\/"},"modified":"2024-04-25T15:40:36","modified_gmt":"2024-04-25T12:40:36","slug":"mainpage","status":"publish","type":"page","link":"https:\/\/layrom.ee\/","title":{"rendered":"Mainpage"},"content":{"rendered":"","protected":false},"excerpt":{"rendered":"","protected":false},"author":10,"featured_media":0,"parent":0,"menu_order":0,"comment_status":"closed","ping_status":"closed","template":"page-templates\/page-blank.php","meta":{"footnotes":""},"class_list":["post-16534","page","type-page","status-publish","hentry"],"yoast_head":"<!-- This site is optimized with the Yoast SEO plugin v27.4 - https:\/\/yoast.com\/product\/yoast-seo-wordpress\/ -->\n<title>LAYROM O\u00dc | Muuda fassaadi elavaks kunstiks - usalda meid oma hoone ilu ja vastupidavuse s\u00e4ilitamiseks<\/title>\n<meta name=\"description\" content=\"Pakume fassaadi v\u00e4rvimist, renoveerimist ja v\u00e4iksemaid remondit\u00f6id l\u00e4bi professionaalsete teenusete, mis annavad hoonele uue ilme ja s\u00e4ilitavad selle kvaliteedi.\" \/>\n<meta name=\"robots\" content=\"index, follow, max-snippet:-1, max-image-preview:large, max-video-preview:-1\" \/>\n<link rel=\"canonical\" href=\"https:\/\/layrom.ee\/\" \/>\n<meta property=\"og:locale\" content=\"et_EE\" \/>\n<meta property=\"og:type\" content=\"article\" \/>\n<meta property=\"og:title\" content=\"LAYROM O\u00dc | Muuda fassaadi elavaks kunstiks - usalda meid oma hoone ilu ja vastupidavuse s\u00e4ilitamiseks\" \/>\n<meta property=\"og:description\" content=\"Pakume fassaadi v\u00e4rvimist, renoveerimist ja v\u00e4iksemaid remondit\u00f6id l\u00e4bi professionaalsete teenusete, mis annavad hoonele uue ilme ja s\u00e4ilitavad selle kvaliteedi.\" \/>\n<meta property=\"og:url\" content=\"https:\/\/layrom.ee\/\" \/>\n<meta property=\"og:site_name\" content=\"LAYROM O\u00dc\" \/>\n<meta property=\"article:modified_time\" content=\"2024-04-25T12:40:36+00:00\" \/>\n<meta property=\"og:image\" content=\"https:\/\/layrom.ee\/wp-content\/uploads\/2024\/05\/workman-mounting-window-2023-11-27-05-13-22-utc.jpg-scaled.webp\" \/>\n<meta name=\"twitter:card\" content=\"summary_large_image\" \/>\n<script type=\"application\/ld+json\" class=\"yoast-schema-graph\">{\"@context\":\"https:\\\/\\\/schema.org\",\"@graph\":[{\"@type\":\"WebPage\",\"@id\":\"https:\\\/\\\/layrom.ee\\\/\",\"url\":\"https:\\\/\\\/layrom.ee\\\/\",\"name\":\"LAYROM O\u00dc | Muuda fassaadi elavaks kunstiks - usalda meid oma hoone ilu ja vastupidavuse s\u00e4ilitamiseks\",\"isPartOf\":{\"@id\":\"https:\\\/\\\/layrom.ee\\\/#website\"},\"datePublished\":\"2024-04-25T12:40:22+00:00\",\"dateModified\":\"2024-04-25T12:40:36+00:00\",\"description\":\"Pakume fassaadi v\u00e4rvimist, renoveerimist ja v\u00e4iksemaid remondit\u00f6id l\u00e4bi professionaalsete teenusete, mis annavad hoonele uue ilme ja s\u00e4ilitavad selle kvaliteedi.\",\"breadcrumb\":{\"@id\":\"https:\\\/\\\/layrom.ee\\\/#breadcrumb\"},\"inLanguage\":\"et\",\"potentialAction\":[{\"@type\":\"ReadAction\",\"target\":[\"https:\\\/\\\/layrom.ee\\\/\"]}]},{\"@type\":\"BreadcrumbList\",\"@id\":\"https:\\\/\\\/layrom.ee\\\/#breadcrumb\",\"itemListElement\":[{\"@type\":\"ListItem\",\"position\":1,\"name\":\"Avaleht\",\"item\":\"https:\\\/\\\/layrom.ee\\\/\"},{\"@type\":\"ListItem\",\"position\":2,\"name\":\"Mainpage\"}]},{\"@type\":\"WebSite\",\"@id\":\"https:\\\/\\\/layrom.ee\\\/#website\",\"url\":\"https:\\\/\\\/layrom.ee\\\/\",\"name\":\"Teema0\",\"description\":\"Muuda fassaadi elavaks kunstiks - usalda meid oma hoone ilu ja vastupidavuse s\u00e4ilitamiseks\",\"publisher\":{\"@id\":\"https:\\\/\\\/layrom.ee\\\/#organization\"},\"potentialAction\":[{\"@type\":\"SearchAction\",\"target\":{\"@type\":\"EntryPoint\",\"urlTemplate\":\"https:\\\/\\\/layrom.ee\\\/?s={search_term_string}\"},\"query-input\":{\"@type\":\"PropertyValueSpecification\",\"valueRequired\":true,\"valueName\":\"search_term_string\"}}],\"inLanguage\":\"et\"},{\"@type\":\"Organization\",\"@id\":\"https:\\\/\\\/layrom.ee\\\/#organization\",\"name\":\"LAYROM O\u00dc\",\"url\":\"https:\\\/\\\/layrom.ee\\\/\",\"logo\":{\"@type\":\"ImageObject\",\"inLanguage\":\"et\",\"@id\":\"https:\\\/\\\/layrom.ee\\\/#\\\/schema\\\/logo\\\/image\\\/\",\"url\":\"https:\\\/\\\/layrom.ee\\\/wp-content\\\/uploads\\\/2024\\\/05\\\/16440468_LAYROM-OU_82893301_a_m.png\",\"contentUrl\":\"https:\\\/\\\/layrom.ee\\\/wp-content\\\/uploads\\\/2024\\\/05\\\/16440468_LAYROM-OU_82893301_a_m.png\",\"width\":198,\"height\":198,\"caption\":\"LAYROM O\u00dc\"},\"image\":{\"@id\":\"https:\\\/\\\/layrom.ee\\\/#\\\/schema\\\/logo\\\/image\\\/\"}}]}<\/script>\n<!-- \/ Yoast SEO plugin. -->","yoast_head_json":{"title":"LAYROM O\u00dc | Muuda fassaadi elavaks kunstiks - usalda meid oma hoone ilu ja vastupidavuse s\u00e4ilitamiseks","description":"Pakume fassaadi v\u00e4rvimist, renoveerimist ja v\u00e4iksemaid remondit\u00f6id l\u00e4bi professionaalsete teenusete, mis annavad hoonele uue ilme ja s\u00e4ilitavad selle kvaliteedi.","robots":{"index":"index","follow":"follow","max-snippet":"max-snippet:-1","max-image-preview":"max-image-preview:large","max-video-preview":"max-video-preview:-1"},"canonical":"https:\/\/layrom.ee\/","og_locale":"et_EE","og_type":"article","og_title":"LAYROM O\u00dc | Muuda fassaadi elavaks kunstiks - usalda meid oma hoone ilu ja vastupidavuse s\u00e4ilitamiseks","og_description":"Pakume fassaadi v\u00e4rvimist, renoveerimist ja v\u00e4iksemaid remondit\u00f6id l\u00e4bi professionaalsete teenusete, mis annavad hoonele uue ilme ja s\u00e4ilitavad selle kvaliteedi.","og_url":"https:\/\/layrom.ee\/","og_site_name":"LAYROM O\u00dc","article_modified_time":"2024-04-25T12:40:36+00:00","og_image":[{"url":"https:\/\/layrom.ee\/wp-content\/uploads\/2024\/05\/workman-mounting-window-2023-11-27-05-13-22-utc.jpg-scaled.webp","type":"","width":"","height":""}],"twitter_card":"summary_large_image","schema":{"@context":"https:\/\/schema.org","@graph":[{"@type":"WebPage","@id":"https:\/\/layrom.ee\/","url":"https:\/\/layrom.ee\/","name":"LAYROM O\u00dc | Muuda fassaadi elavaks kunstiks - usalda meid oma hoone ilu ja vastupidavuse s\u00e4ilitamiseks","isPartOf":{"@id":"https:\/\/layrom.ee\/#website"},"datePublished":"2024-04-25T12:40:22+00:00","dateModified":"2024-04-25T12:40:36+00:00","description":"Pakume fassaadi v\u00e4rvimist, renoveerimist ja v\u00e4iksemaid remondit\u00f6id l\u00e4bi professionaalsete teenusete, mis annavad hoonele uue ilme ja s\u00e4ilitavad selle kvaliteedi.","breadcrumb":{"@id":"https:\/\/layrom.ee\/#breadcrumb"},"inLanguage":"et","potentialAction":[{"@type":"ReadAction","target":["https:\/\/layrom.ee\/"]}]},{"@type":"BreadcrumbList","@id":"https:\/\/layrom.ee\/#breadcrumb","itemListElement":[{"@type":"ListItem","position":1,"name":"Avaleht","item":"https:\/\/layrom.ee\/"},{"@type":"ListItem","position":2,"name":"Mainpage"}]},{"@type":"WebSite","@id":"https:\/\/layrom.ee\/#website","url":"https:\/\/layrom.ee\/","name":"Teema0","description":"Muuda fassaadi elavaks kunstiks - usalda meid oma hoone ilu ja vastupidavuse s\u00e4ilitamiseks","publisher":{"@id":"https:\/\/layrom.ee\/#organization"},"potentialAction":[{"@type":"SearchAction","target":{"@type":"EntryPoint","urlTemplate":"https:\/\/layrom.ee\/?s={search_term_string}"},"query-input":{"@type":"PropertyValueSpecification","valueRequired":true,"valueName":"search_term_string"}}],"inLanguage":"et"},{"@type":"Organization","@id":"https:\/\/layrom.ee\/#organization","name":"LAYROM O\u00dc","url":"https:\/\/layrom.ee\/","logo":{"@type":"ImageObject","inLanguage":"et","@id":"https:\/\/layrom.ee\/#\/schema\/logo\/image\/","url":"https:\/\/layrom.ee\/wp-content\/uploads\/2024\/05\/16440468_LAYROM-OU_82893301_a_m.png","contentUrl":"https:\/\/layrom.ee\/wp-content\/uploads\/2024\/05\/16440468_LAYROM-OU_82893301_a_m.png","width":198,"height":198,"caption":"LAYROM O\u00dc"},"image":{"@id":"https:\/\/layrom.ee\/#\/schema\/logo\/image\/"}}]}},"_links":{"self":[{"href":"https:\/\/layrom.ee\/index.php?rest_route=\/wp\/v2\/pages\/16534","targetHints":{"allow":["GET"]}}],"collection":[{"href":"https:\/\/layrom.ee\/index.php?rest_route=\/wp\/v2\/pages"}],"about":[{"href":"https:\/\/layrom.ee\/index.php?rest_route=\/wp\/v2\/types\/page"}],"author":[{"embeddable":true,"href":"https:\/\/layrom.ee\/index.php?rest_route=\/wp\/v2\/users\/10"}],"replies":[{"embeddable":true,"href":"https:\/\/layrom.ee\/index.php?rest_route=%2Fwp%2Fv2%2Fcomments&post=16534"}],"version-history":[{"count":1,"href":"https:\/\/layrom.ee\/index.php?rest_route=\/wp\/v2\/pages\/16534\/revisions"}],"predecessor-version":[{"id":16535,"href":"https:\/\/layrom.ee\/index.php?rest_route=\/wp\/v2\/pages\/16534\/revisions\/16535"}],"wp:attachment":[{"href":"https:\/\/layrom.ee\/index.php?rest_route=%2Fwp%2Fv2%2Fmedia&parent=16534"}],"curies":[{"name":"wp","href":"https:\/\/api.w.org\/{rel}","templated":true}]}}